
{"id":381,"date":"2012-03-09T20:54:00","date_gmt":"2012-03-09T18:54:00","guid":{"rendered":"http:\/\/vaahtera.org\/timo\/?page_id=381"},"modified":"2012-03-09T20:58:11","modified_gmt":"2012-03-09T18:58:11","slug":"kirjallisuus","status":"publish","type":"page","link":"https:\/\/vaahtera.org\/timo\/kirjallisuus\/","title":{"rendered":"Kirjallisuus"},"content":{"rendered":"<p>Kirjallisuutta jota l\u00f6ytyy hyllyst\u00e4, ainakin melkein..<\/p>\n<h3>Ilkka Remes<\/h3>\n<p><strong>Romaanit<\/strong><\/p>\n<ul>\n<li>P\u00e4\u00e4kallokehr\u00e4\u00e4j\u00e4 (1997)<\/li>\n<li>Karjalan lunnaat (1998)<\/li>\n<li>Pedon syleily (1999)<\/li>\n<li>Ruttokellot (2000)<\/li>\n<li>Uhrilento (2001)<\/li>\n<li>It\u00e4veri (2002)<\/li>\n<li>Ikiy\u00f6 (2003)<\/li>\n<li>Hiroshiman portti (2004)<\/li>\n<li>Nimess\u00e4 ja veress\u00e4 (2005)<\/li>\n<li>6\/12 (2006)<\/li>\n<li>Pahan perim\u00e4 (2007)<\/li>\n<li>Py\u00f6rre (2008)<\/li>\n<li>Isku ytimeen (2009)<\/li>\n<li>Shokkiaalto (2010)<\/li>\n<li>Ter\u00e4sleijona (2011)<\/li>\n<\/ul>\n<p title=\"P\u00e4\u00e4kallokehr\u00e4\u00e4j\u00e4\"><strong>Nuortenromaanit<\/strong><\/p>\n<ul>\n<li><span style=\"color: #ff6600;\">Piraatit (2003)<\/span><\/li>\n<li><span style=\"color: #ff6600;\">Musta kobra (2004)<\/span><\/li>\n<li><span style=\"color: #ff6600;\">Pime\u00e4n py\u00f6veli (2005)<\/span><\/li>\n<li>Kirottu koodi (2006)<\/li>\n<li><span style=\"color: #ff6600;\">Hermes (2007)<\/span><\/li>\n<li>Draculan ratsu (2008)<\/li>\n<li>Operaatio Solaris (2009)<\/li>\n<li>Riskiraja (2010)<\/li>\n<\/ul>\n","protected":false},"excerpt":{"rendered":"<p>Kirjallisuutta jota l\u00f6ytyy hyllyst\u00e4, ainakin melkein.. Ilkka Remes Romaanit P\u00e4\u00e4kallokehr\u00e4\u00e4j\u00e4 (1997) Karjalan lunnaat (1998) Pedon syleily (1999) Ruttokellot (2000) Uhrilento (2001) It\u00e4veri (2002) Ikiy\u00f6 (2003) Hiroshiman portti (2004) Nimess\u00e4 ja veress\u00e4 (2005) 6\/12 (2006) Pahan perim\u00e4 (2007) Py\u00f6rre (2008) Isku ytimeen (2009) Shokkiaalto (2010) Ter\u00e4sleijona (2011) Nuortenromaanit Piraatit (2003) Musta kobra (2004) Pime\u00e4n py\u00f6veli (2005) [&hellip;]<\/p>\n","protected":false},"author":2,"featured_media":0,"parent":0,"menu_order":0,"comment_status":"open","ping_status":"open","template":"","meta":{"ngg_post_thumbnail":0,"footnotes":""},"_links":{"self":[{"href":"https:\/\/vaahtera.org\/timo\/wp-json\/wp\/v2\/pages\/381"}],"collection":[{"href":"https:\/\/vaahtera.org\/timo\/wp-json\/wp\/v2\/pages"}],"about":[{"href":"https:\/\/vaahtera.org\/timo\/wp-json\/wp\/v2\/types\/page"}],"author":[{"embeddable":true,"href":"https:\/\/vaahtera.org\/timo\/wp-json\/wp\/v2\/users\/2"}],"replies":[{"embeddable":true,"href":"https:\/\/vaahtera.org\/timo\/wp-json\/wp\/v2\/comments?post=381"}],"version-history":[{"count":6,"href":"https:\/\/vaahtera.org\/timo\/wp-json\/wp\/v2\/pages\/381\/revisions"}],"predecessor-version":[{"id":386,"href":"https:\/\/vaahtera.org\/timo\/wp-json\/wp\/v2\/pages\/381\/revisions\/386"}],"wp:attachment":[{"href":"https:\/\/vaahtera.org\/timo\/wp-json\/wp\/v2\/media?parent=381"}],"curies":[{"name":"wp","href":"https:\/\/api.w.org\/{rel}","templated":true}]}}