
{"id":254,"date":"2011-12-08T13:53:24","date_gmt":"2011-12-08T11:53:24","guid":{"rendered":"http:\/\/vaahtera.org\/timo\/?page_id=254"},"modified":"2012-11-12T10:02:38","modified_gmt":"2012-11-12T08:02:38","slug":"valokuvaus","status":"publish","type":"page","link":"https:\/\/vaahtera.org\/timo\/valokuvaus\/","title":{"rendered":"Valokuvaukseen linkkej\u00e4"},"content":{"rendered":"<p class=\"highlight-2\">Blogilinkit omilla sivuillaan, niin <a title=\"Blogeja maailmalta\" href=\"http:\/\/vaahtera.org\/timo\/valokuvaus\/blogeja-valokuvauksesta\/\">maailmalta<\/a> kuin <a title=\"Blogeja suomeksi\" href=\"http:\/\/vaahtera.org\/timo\/valokuvaus\/blogeja-valokuvauksesta-suomeksi\/\">kotimaastakin<\/a>.<\/p>\n<p>T\u00e4ll\u00e4 sivulla valokuvaukseen liittyvi\u00e4 linkityksi\u00e4.<\/p>\n<ul>\n<li><a href=\"http:\/\/www.digicamera.net\/index.html\">digicamera.net<\/a><\/li>\n<li><a href=\"http:\/\/www.kameralaukku.com\/portal\/index.php\">kameralaukku.com<\/a><\/li>\n<li><a href=\"http:\/\/www.digital-photography-school.com\/\">http:\/\/www.digital-photography-school.com\/<\/a><\/li>\n<li><a href=\"http:\/\/photodoto.com\/\">http:\/\/photodoto.com\/<\/a> &#8211; blogi joka ei en\u00e4\u00e4 p\u00e4ivity<\/li>\n<li><a href=\"http:\/\/smokingstrobes.com\/\">http:\/\/smokingstrobes.com\/<\/a><\/li>\n<li><a href=\"http:\/\/www.sanfreelancephotography.com\/flash_photography.html\">http:\/\/www.sanfreelancephotography.com\/flash_photography.html<\/a><\/li>\n<li><a href=\"http:\/\/yanikphotoschool.com\/\">http:\/\/yanikphotoschool.com\/<\/a><\/li>\n<li><a href=\"http:\/\/www.ormsconnect.co.za\/tag\/lighting\/\">http:\/\/www.ormsconnect.co.za\/tag\/lighting\/<\/a><\/li>\n<li><a href=\"http:\/\/www.pixiq.com\/\">http:\/\/www.pixiq.com\/<\/a><\/li>\n<li><a href=\"http:\/\/www.photoanswers.co.uk\/\">Photo answers<\/a><\/li>\n<li><a title=\"valotustekniikoita ja kikkoja\" href=\"http:\/\/www.lowel.com\/edu\/index.html\">http:\/\/www.lowel.com\/edu\/index.html<\/a><\/li>\n<li><a title=\"vinkkej\u00e4 ja ideoita\" href=\"http:\/\/www.spectrumphotographytips.com\/\">http:\/\/www.spectrumphotographytips.com\/<\/a><\/li>\n<li><a href=\"http:\/\/www.photoshopuser.com\/lightroom\">http:\/\/www.photoshopuser.com\/lightroom<\/a><\/li>\n<\/ul>\n<h2>Kuvagallerioita tai vastaavia<\/h2>\n<ul>\n<li><a href=\"http:\/\/1x.com\/photos\">http:\/\/1x.com\/photos<\/a><\/li>\n<li><a href=\"http:\/\/500px.com\/\">http:\/\/500px.com\/<\/a><\/li>\n<li><a href=\"http:\/\/www.photoextract.com\/\">http:\/\/www.photoextract.com\/<\/a><\/li>\n<\/ul>\n<ul>\n<li><a href=\"http:\/\/www.flickr.com\/photos\/mikkokoo\/\">http:\/\/www.flickr.com\/photos\/mikkokoo\/<\/a><\/li>\n<li><a href=\"http:\/\/www.flickr.com\/photos\/davidtejada\/\">http:\/\/www.flickr.com\/photos\/davidtejada\/<\/a><\/li>\n<\/ul>\n<h3>FIAP-kisailijoiden gallerioita<\/h3>\n<ul>\n<li><a href=\"http:\/\/www.antti.ahomaki.net\/ALBUMI\/FIAP-ACCEPTED\/index.html\">http:\/\/www.antti.ahomaki.net\/ALBUMI\/FIAP-ACCEPTED\/index.html<\/a><\/li>\n<li><a href=\"http:\/\/www.timolahtinen.fi\/Accepted%20%20in%20FIAP%20Saloons\/gallery.html\">http:\/\/www.timolahtinen.fi\/Accepted\u00a0 in FIAP Saloons\/gallery.html<\/a><\/li>\n<li><a href=\"http:\/\/erkki.smugmug.com\/Collections\/FIAP-Accepted\/\">http:\/\/erkki.smugmug.com\/Collections\/FIAP-Accepted\/<\/a><\/li>\n<li><a href=\"http:\/\/launo.galleria.fi\/searchresults\/Accepted\">http:\/\/launo.galleria.fi\/searchresults\/Accepted<\/a><\/li>\n<li><a href=\"http:\/\/kontto.kuvat.fi\/kuvat\/My+best+photos,+Parhaita+paloja+sielt%C3%A4+t%C3%A4%C3%A4lt%C3%A4\/\">http:\/\/kontto.kuvat.fi\/kuvat\/My+best+photos,+Parhaita+paloja+sielt\u00e4+t\u00e4\u00e4lt\u00e4\/<\/a><\/li>\n<li><a href=\"http:\/\/pekkas.pictures.fi\/searchresults\/FIAP%2FPSA%20acceptance\">http:\/\/pekkas.pictures.fi\/searchresults\/FIAP\/PSA acceptance<\/a><\/li>\n<\/ul>\n<h2>Kauppoja<\/h2>\n<ul>\n<li><a href=\"http:\/\/www.verkkokauppa.com\/\" rel=\"nofollow\" target=\"_blank\">http:\/\/www.verkkokauppa.com\/<\/a><\/li>\n<li><a href=\"http:\/\/www.rajalacamera.fi\/\" rel=\"nofollow\" target=\"_blank\">http:\/\/www.rajalacamera.fi\/<\/a><\/li>\n<li><a href=\"http:\/\/www.pixmania-pro.fi\/\" rel=\"nofollow\" target=\"_blank\">http:\/\/www.pixmania-pro.fi\/<\/a><\/li>\n<li><a href=\"http:\/\/www.digitarvike.fi\/\" rel=\"nofollow\" target=\"_blank\">http:\/\/www.digitarvike.fi\/<\/a><\/li>\n<\/ul>\n<ul>\n<li><a href=\"http:\/\/www.dhgate.com\/\" rel=\"nofollow\" target=\"_blank\">http:\/\/www.dhgate.com\/<\/a><\/li>\n<li><a href=\"http:\/\/www.bhphotovideo.com\/\" rel=\"nofollow\" target=\"_blank\">http:\/\/www.bhphotovideo.com\/<\/a><\/li>\n<li><a href=\"http:\/\/www.warehouseexpress.com\/\" rel=\"nofollow\" target=\"_blank\">http:\/\/www.warehouseexpress.com\/<\/a><\/li>\n<li><a href=\"http:\/\/www.warehousephoto.com\/\" rel=\"nofollow\" target=\"_blank\">http:\/\/www.warehousephoto.com\/<\/a><\/li>\n<li><a href=\"http:\/\/www.robertwhite.co.uk\/\" rel=\"nofollow\" target=\"_blank\">http:\/\/www.robertwhite.co.uk\/<\/a><\/li>\n<li><a href=\"http:\/\/www.calumetphoto.com\/\" rel=\"nofollow\" target=\"_blank\">http:\/\/www.calumetphoto.com\/<\/a><\/li>\n<li><a href=\"http:\/\/www.camera-shop.co.uk\/\" rel=\"nofollow\" target=\"_blank\">http:\/\/www.camera-shop.co.uk\/<\/a><\/li>\n<li><a href=\"http:\/\/www.patersonphotographic.com\/\" rel=\"nofollow\" target=\"_blank\">http:\/\/www.patersonphotographic.com\/<\/a><\/li>\n<li><a href=\"http:\/\/www.kirkphoto.com\/\" rel=\"nofollow\" target=\"_blank\">http:\/\/www.kirkphoto.com\/<\/a><\/li>\n<li><a href=\"http:\/\/www.photoflex.com\/\" rel=\"nofollow\" target=\"_blank\">http:\/\/www.photoflex.com\/<\/a><\/li>\n<li><a href=\"http:\/\/www.adorama.com\/\" rel=\"nofollow\" target=\"_blank\">http:\/\/www.adorama.com\/<\/a><\/li>\n<li><a href=\"http:\/\/www.dealextreme.com\/\" rel=\"nofollow\" target=\"_blank\">http:\/\/www.dealextreme.com\/<\/a> &#8211; yleinen s\u00e4l\u00e4kauppa, valokuvaukseen l\u00f6ytyy mm. suotimia, tarvikkeita, led-valoja<\/li>\n<li><a href=\"http:\/\/www.ebay.com\/\" rel=\"nofollow\" target=\"_blank\">http:\/\/www.ebay.com\/<\/a> &#8211; yritykset ja yksityiset myyv\u00e4t my\u00f6s k\u00e4ytettyj\u00e4, jotkut kaupat toteutuvat huutokauppa-periaatteella<\/li>\n<li><a href=\"http:\/\/www.smick.co.uk\/\">http:\/\/www.smick.co.uk\/<\/a><\/li>\n<\/ul>\n<p>&nbsp;<\/p>\n","protected":false},"excerpt":{"rendered":"<p>Blogilinkit omilla sivuillaan, niin maailmalta kuin kotimaastakin. T\u00e4ll\u00e4 sivulla valokuvaukseen liittyvi\u00e4 linkityksi\u00e4. digicamera.net kameralaukku.com http:\/\/www.digital-photography-school.com\/ http:\/\/photodoto.com\/ &#8211; blogi joka ei en\u00e4\u00e4 p\u00e4ivity http:\/\/smokingstrobes.com\/ http:\/\/www.sanfreelancephotography.com\/flash_photography.html http:\/\/yanikphotoschool.com\/ http:\/\/www.ormsconnect.co.za\/tag\/lighting\/ http:\/\/www.pixiq.com\/ Photo answers http:\/\/www.lowel.com\/edu\/index.html http:\/\/www.spectrumphotographytips.com\/ http:\/\/www.photoshopuser.com\/lightroom Kuvagallerioita tai vastaavia http:\/\/1x.com\/photos http:\/\/500px.com\/ http:\/\/www.photoextract.com\/ http:\/\/www.flickr.com\/photos\/mikkokoo\/ http:\/\/www.flickr.com\/photos\/davidtejada\/ FIAP-kisailijoiden gallerioita http:\/\/www.antti.ahomaki.net\/ALBUMI\/FIAP-ACCEPTED\/index.html http:\/\/www.timolahtinen.fi\/Accepted\u00a0 in FIAP Saloons\/gallery.html http:\/\/erkki.smugmug.com\/Collections\/FIAP-Accepted\/ http:\/\/launo.galleria.fi\/searchresults\/Accepted http:\/\/kontto.kuvat.fi\/kuvat\/My+best+photos,+Parhaita+paloja+sielt\u00e4+t\u00e4\u00e4lt\u00e4\/ http:\/\/pekkas.pictures.fi\/searchresults\/FIAP\/PSA acceptance Kauppoja http:\/\/www.verkkokauppa.com\/ http:\/\/www.rajalacamera.fi\/ [&hellip;]<\/p>\n","protected":false},"author":2,"featured_media":0,"parent":0,"menu_order":0,"comment_status":"open","ping_status":"open","template":"","meta":{"ngg_post_thumbnail":0,"footnotes":""},"_links":{"self":[{"href":"https:\/\/vaahtera.org\/timo\/wp-json\/wp\/v2\/pages\/254"}],"collection":[{"href":"https:\/\/vaahtera.org\/timo\/wp-json\/wp\/v2\/pages"}],"about":[{"href":"https:\/\/vaahtera.org\/timo\/wp-json\/wp\/v2\/types\/page"}],"author":[{"embeddable":true,"href":"https:\/\/vaahtera.org\/timo\/wp-json\/wp\/v2\/users\/2"}],"replies":[{"embeddable":true,"href":"https:\/\/vaahtera.org\/timo\/wp-json\/wp\/v2\/comments?post=254"}],"version-history":[{"count":59,"href":"https:\/\/vaahtera.org\/timo\/wp-json\/wp\/v2\/pages\/254\/revisions"}],"predecessor-version":[{"id":299,"href":"https:\/\/vaahtera.org\/timo\/wp-json\/wp\/v2\/pages\/254\/revisions\/299"}],"wp:attachment":[{"href":"https:\/\/vaahtera.org\/timo\/wp-json\/wp\/v2\/media?parent=254"}],"curies":[{"name":"wp","href":"https:\/\/api.w.org\/{rel}","templated":true}]}}