
{"id":247,"date":"2011-10-24T22:48:01","date_gmt":"2011-10-24T19:48:01","guid":{"rendered":"http:\/\/vaahtera.org\/timo\/?page_id=247"},"modified":"2024-07-04T14:41:26","modified_gmt":"2024-07-04T11:41:26","slug":"taskarit","status":"publish","type":"page","link":"https:\/\/vaahtera.org\/timo\/kirjallisuus\/taskarit\/","title":{"rendered":"Aku Ankan taskarit"},"content":{"rendered":"<ol>\n<li>Mikki kiipeliss\u00e4 (1970)<\/li>\n<li>Aku Ankka ja Karhukopla<\/li>\n<li>Mikki ja viidakon vaarat<\/li>\n<li>\u00c4l\u00e4 hermoile, Roope-set\u00e4<\/li>\n<li><span style=\"color: #ff00ff;\">Mikki ja Hessu timanttien j\u00e4ljill\u00e4<\/span> (1971)<\/li>\n<li>Aku Baba ja viisi rosvoa<\/li>\n<li><span style=\"color: #ff00ff;\">Mikki Hiiren kuuma kes\u00e4<\/span><\/li>\n<li>Aku ja Amerikan keisari<\/li>\n<li>Ota rennosti, Aku (1972)<\/li>\n<li><span style=\"color: #ff00ff;\">Roope n\u00e4kee punaista<\/span><\/li>\n<li>Roope Suuri<\/li>\n<li><span style=\"color: #ff00ff;\">Tervetuloa Ankkalinnaan<\/span><\/li>\n<li>Ritari Peloton (1973)<\/li>\n<li><span style=\"color: #ff00ff;\">Perhonen sent\u00e4\u00e4n<\/span><\/li>\n<li><span style=\"color: #ff00ff;\">Varsinainen v\u00e4lkky<\/span><\/li>\n<li>Voimakolmikko<\/li>\n<li>Roopen joulutervehdys<\/li>\n<li>Aku urhokas (1974)<\/li>\n<li>Roope-sed\u00e4n miljoonat<\/li>\n<li>Aku, Villin l\u00e4nnen kuningas<\/li>\n<li>Roope-set\u00e4 voittaa pelin<\/li>\n<li>Aku Ankka pinteess\u00e4<\/li>\n<li>Mikki kuulee kummia (1975)<\/li>\n<li>Roope-sed\u00e4n maailmanmatkat<\/li>\n<li>Mikki vauhdissa<\/li>\n<li>Aku ei anna periksi<\/li>\n<li>Mikki on suurin<\/li>\n<li>Rohkea rokan sy\u00f6 (1976)<\/li>\n<li>L\u00e4nnen sankarit<\/li>\n<li>Ymp\u00e4ri menn\u00e4\u00e4n, yhteen tullaan<\/li>\n<li>Aku on yliveto<\/li>\n<li>Onnenpoika Aku Ankka<\/li>\n<li>Roopen rahahuolet (1977)<\/li>\n<li>Supermikki<\/li>\n<li>Aku Ankan muistelmat<\/li>\n<li>Aku kuumilla j\u00e4ljill\u00e4<\/li>\n<li>Roope ja Kroisos kilpasilla<\/li>\n<li>Varo velhoja, Roope-set\u00e4 (1978)<\/li>\n<li>Heipparallaa, Aku Ankka<\/li>\n<li>T\u00e4ytt\u00e4 vauhtia, Mikki Hiiri<\/li>\n<li>Aku Taikaviitta<\/li>\n<li>Mikki johtaa joukkoa<\/li>\n<li>Ruorimies Roope (1979)<\/li>\n<li>T\u00e4\u00e4lt\u00e4 tulee Aku<\/li>\n<li>Mikin napakymppi<\/li>\n<li>Roopen kolikkokierre<\/li>\n<li>Rosvojen j\u00e4ljill\u00e4<\/li>\n<li>Taikaviitta taas vauhdissa<\/li>\n<li>Mikki ja Aku (1980)<\/li>\n<li>Rahamies Roope<\/li>\n<li>P\u00e4\u00e4 pystyyn, Aku Ankka<\/li>\n<li>Jos kultaa kaivanet<\/li>\n<li>Mikki panee tuulemaan<\/li>\n<li>Selv\u00e4t s\u00e4velet<\/li>\n<li>Mikki kummitusjahdissa (1981)<\/li>\n<li>Taikaviitta saa vastustajan<\/li>\n<li>Akun onnenp\u00e4iv\u00e4t<\/li>\n<li>Aku pit\u00e4\u00e4 pintansa<\/li>\n<li>Mikki menop\u00e4\u00e4ll\u00e4<\/li>\n<li>Akua aina tarvitaan<\/li>\n<li>Roopen unelmaretket (1982)<\/li>\n<li>Puuhapari Mikki ja Minni<\/li>\n<li>Aku maankiert\u00e4j\u00e4<\/li>\n<li>Mikki Perushiiri<\/li>\n<li>J\u00e4it\u00e4 hattuun, Aku<\/li>\n<li>Voittamaton Roope-set\u00e4<\/li>\n<li>Mikki Hiiri ja Musta Pekka (1983)<\/li>\n<li>Roopen kootut rikkaudet<\/li>\n<li>Paljon melua Akusta<\/li>\n<li>Mikki puuttuu peliin<\/li>\n<li>Aku, perheen ylpeys<\/li>\n<li>Taikaviitan tempaukset<\/li>\n<li>Mikin hurjat jutut (1984)<\/li>\n<li>Anteeksi, nimeni on Ankka<\/li>\n<li>Akun banaanipotku<\/li>\n<li>Roope-sed\u00e4n onnenrahat<\/li>\n<li>Mikki historian py\u00f6rteiss\u00e4<\/li>\n<li>Aku parrasvaloissa<\/li>\n<li>Roope-sed\u00e4n rahasafari (1985)<\/li>\n<li>Taikaviitan tanssiinkutsu<\/li>\n<li>J\u00e4rki k\u00e4teen, Aku Ankka<\/li>\n<li>Mikki Hiiri junailee<\/li>\n<li>Rahat tai henki!<\/li>\n<li>Mikki taas kuvassa<\/li>\n<li>Aku maailman melskeiss\u00e4<\/li>\n<li>Min\u00e4 olen pomo<\/li>\n<li><span style=\"color: #ff00ff;\">Mikki esiin!<\/span> (1986)<\/li>\n<li>Aku menestyksen polulla<\/li>\n<li><span style=\"color: #ff00ff;\">Aku monessa mukana<\/span><\/li>\n<li>Kullan mahti<\/li>\n<li>Mikin kuulento<\/li>\n<li>Roopen rikas el\u00e4m\u00e4<\/li>\n<li>J\u00e4\u00e4r\u00e4p\u00e4\u00e4 Aku<\/li>\n<li>Mikki ja Eka Vekara (1987)<\/li>\n<li>Roope ui rahoissa<\/li>\n<li><span style=\"color: #ff00ff;\">Rahanero Roope<\/span><\/li>\n<li>Ankkain sankka suku<\/li>\n<li><span style=\"color: #ff00ff;\">Taikaviitan t\u00e4htihetket<\/span><\/li>\n<li>\u00c4l\u00e4 hellit\u00e4, Aku<\/li>\n<li>Juhlakalu Aku<\/li>\n<li>Maailman rikkain ankka<\/li>\n<li>Riemua riitt\u00e4\u00e4 (1988)<\/li>\n<li>Preerian laulu<\/li>\n<li>Aku saa aikaan<\/li>\n<li><span style=\"color: #ff00ff;\">Menestyksen maku<\/span><\/li>\n<li>Iines tykk\u00e4\u00e4 Akusta<\/li>\n<li>Olympialaisten aika<\/li>\n<li>Touhua ja tohinaa!<\/li>\n<li>Tiet\u00e4 Akulle!<\/li>\n<li>Roope ajaa t\u00e4ysill\u00e4 (1989)<\/li>\n<li>Ankkalinnan ralli<\/li>\n<li>Toivekonsertti<\/li>\n<li>Loikkien lomalle<\/li>\n<li><span style=\"color: #ff00ff;\">Akun viem\u00e4\u00e4<\/span><\/li>\n<li>Akun nuorallatanssi<\/li>\n<li>Aku kaukomailla<\/li>\n<li>Juhlaparaati<\/li>\n<li>Yli kivien ja kantojen (1990)<\/li>\n<li>Taikaviitalle tapahtuu<\/li>\n<li>Roope Ankka lennossa<\/li>\n<li>Tiet\u00e4 Taikaviitalle<\/li>\n<li>Aku kohtalon kolhuissa<\/li>\n<li>Ankat oikopolulla<\/li>\n<li>Rahasade ei kastele<\/li>\n<li>Taikaviittaa ei petet\u00e4<\/li>\n<li>Mikist\u00e4 on moneksi<\/li>\n<li>T\u00e4htien takana<\/li>\n<li>Roopen p\u00e4\u00e4t\u00e4 ei palele<\/li>\n<li>Joron j\u00e4ljill\u00e4<\/li>\n<li>Tarua vai totta? (1991)<\/li>\n<li>Pahemmassa kuin pulassa<\/li>\n<li>Sulaa kultaa<\/li>\n<li>Rahatynnyri<\/li>\n<li>Akun lokoisa loma<\/li>\n<li>Roope menee lujaa<\/li>\n<li>Ikuinen kakkonen<\/li>\n<li>Masalian tiikeri<\/li>\n<li>Salaper\u00e4iset kynttelik\u00f6t<\/li>\n<li>Taikaviitta ja Kumi-Kalle<\/li>\n<li>Roope ja rahahirvi\u00f6<\/li>\n<li>Roopen unelmat<\/li>\n<li>Antiikin ihmeet<\/li>\n<li>Avaruuden armoilla (1992)<\/li>\n<li>Joka tietoa lis\u00e4\u00e4&#8230;<\/li>\n<li>R\u00e4pyl\u00e4t rannalle, Aku<\/li>\n<li>Luonnon helmassa<\/li>\n<li>Vauhdilla vaaroihin<\/li>\n<li>Nyt tarkkana!<\/li>\n<li>Lassoleikit<\/li>\n<li>Runsauden sarvi<\/li>\n<li>Konstit on monet<\/li>\n<li>T\u00e4m\u00e4kin viel\u00e4!<\/li>\n<li>Akun lomamuistot<\/li>\n<li>Nyt nappaa! (1993)<\/li>\n<li>Mutkat suoriksi!<\/li>\n<li>Kaidalla tiell\u00e4<\/li>\n<li>Syd\u00e4n paikallaan<\/li>\n<li>Yli esteiden<\/li>\n<li>Haavi auki!<\/li>\n<li>Monta rautaa tulessa<\/li>\n<li>Ruuvit l\u00f6ys\u00e4ll\u00e4<\/li>\n<li>Koira viek\u00f6\u00f6n!<\/li>\n<li>Siipiveikkojen suosikki<\/li>\n<li>Luonnon ihmeit\u00e4<\/li>\n<li>Y\u00f6ky\u00f6peli<\/li>\n<li>Tuulta purjeisiin (1994)<\/li>\n<li>Talttumaton Taikaviitta<\/li>\n<li>L\u00e4hdet\u00e4\u00e4n l\u00e4tkim\u00e4\u00e4n<\/li>\n<li>T\u00f6rm\u00e4yskurssilla<\/li>\n<li>Vahvan markan mies<\/li>\n<li>Kovaa ja korkealta<\/li>\n<li>Operaatio Kaktus<\/li>\n<li>S\u00e4\u00e4st\u00f6linjalla<\/li>\n<li>Taikaviitan talouskriisi<\/li>\n<li>Juhlan paikka<\/li>\n<li>Ankallissankari<\/li>\n<li>Helppo nakki<\/li>\n<li>Joku odottaa soittoasi (1995)<\/li>\n<li>Villaa ylle<\/li>\n<li>Kova luu<\/li>\n<li>Aina jaloissa<\/li>\n<li>Rantaleijona<\/li>\n<li>Hetki ly\u00f6<\/li>\n<li>Aallokko kutsuu<\/li>\n<li>Nelj\u00e4nnesvuosisadan kakku<\/li>\n<li>Oppia ik\u00e4 kaikki<\/li>\n<li>Vedet silmiss\u00e4<\/li>\n<li><span style=\"color: #ff00ff;\">Ankkaenergiaa<\/span><\/li>\n<li>Ev\u00e4\u00e4t lev\u00e4ll\u00e4\u00e4n<\/li>\n<li><span style=\"color: #ff00ff;\">P\u00e4in seini\u00e4<\/span> (1996)<\/li>\n<li>Kielletty hedelm\u00e4<\/li>\n<li>T\u00e4\u00e4lt\u00e4 pesee!<\/li>\n<li>Kuumat paikat<\/li>\n<li>Linssilude<\/li>\n<li>Liiman\u00e4ppi<\/li>\n<li>Voitto kotiin!<\/li>\n<li>Filmi poikki<\/li>\n<li>Kylm\u00e4 kylpy<\/li>\n<li>Hirvibongari<\/li>\n<li><span style=\"color: #ff00ff;\">N\u00e4k\u00f6ispatsas<\/span><\/li>\n<li>Salaiset kansiot<\/li>\n<li>Y\u00f6vartija (1997)<\/li>\n<li>L\u00e4pilasku<\/li>\n<li>T\u00e4htitakuu<\/li>\n<li>Ykk\u00f6sketju<\/li>\n<li>\u00c4l\u00e4 j\u00e4nnit\u00e4, Aku!<\/li>\n<li>Listaykk\u00f6nen<\/li>\n<li>Rantaremmi<\/li>\n<li>Tuplat\u00e4llit<\/li>\n<li>Ykk\u00f6set yll\u00e4<\/li>\n<li>K\u00e4ry k\u00e4vi!<\/li>\n<li>Syntt\u00e4riyll\u00e4tys<\/li>\n<li>Juhlaraha<\/li>\n<li>Hiihtopummi (1998)<\/li>\n<li>P\u00f6yt\u00e4 koreaksi<\/li>\n<li>Soita minulle, Aku!<\/li>\n<li>Seuraa johtajaa<\/li>\n<li>\u00c4l\u00e4 tykk\u00e4\u00e4 kyttyr\u00e4\u00e4<\/li>\n<li>Nokkamies<\/li>\n<li>Letkujenkka<\/li>\n<li>Kyll\u00e4 leikkaa!<\/li>\n<li>Kauniita unia<\/li>\n<li>Paalupaikka<\/li>\n<li>Kevyell\u00e4 linjalla<\/li>\n<li><span style=\"color: #ff00ff;\">Kuokkavieras<\/span><\/li>\n<li>L\u00f6ys\u00e4t pois (1999)<\/li>\n<li>Suksi kuuseen!<\/li>\n<li>Hurja joukko<\/li>\n<li>Sakkorys\u00e4<\/li>\n<li>Pellit auki<\/li>\n<li><span style=\"color: #ff00ff;\">Kes\u00e4toimittaja<\/span><\/li>\n<li>Pokkana vaan<\/li>\n<li>Oksat pois<\/li>\n<li>Intiaanikes\u00e4<\/li>\n<li>Taidepaukku<\/li>\n<li>Taivaan t\u00e4ydelt\u00e4<\/li>\n<li>Ammattiauttaja<\/li>\n<li>Se siit\u00e4!<\/li>\n<li>Palo hallussa (2000)<\/li>\n<li>Viime tipassa<\/li>\n<li>Nokkakoriste<\/li>\n<li>\u00c4im\u00e4n k\u00e4ken\u00e4<\/li>\n<li>Viimeinen pisara<\/li>\n<li><span style=\"color: #ff00ff;\">Turistiluokka<\/span><\/li>\n<li>Ter\u00e4v\u00e4 veto<\/li>\n<li>Veskarille kenk\u00e4\u00e4<\/li>\n<li>Hopeinen kuu<\/li>\n<li>R\u00e4j\u00e4ht\u00e4v\u00e4 tempaus<\/li>\n<li>Salaliitto<\/li>\n<li><span style=\"color: #ff00ff;\">Varttitonni<\/span><\/li>\n<li>Kolmiodraama<\/li>\n<li>Hammaspeikko lannistuu (2001)<\/li>\n<li>Lintubongari<\/li>\n<li>Varavarjo<\/li>\n<li>Tyyris tyyli<\/li>\n<li>Laivastovierailu<\/li>\n<li><span style=\"color: #ff00ff;\">T\u00e4ytt\u00e4 el\u00e4m\u00e4\u00e4<\/span><\/li>\n<li><span style=\"color: #ff00ff;\">Yht\u00e4 kyyti\u00e4<\/span><\/li>\n<li>Taikaviitta kuilun partaalla<\/li>\n<li><span style=\"color: #ff00ff;\">Pohjakosketus<\/span><\/li>\n<li>Kapteeni k\u00e4skee<\/li>\n<li>Kauniit ja vihre\u00e4t<\/li>\n<li><span style=\"color: #ff00ff;\">Oloneuvos<\/span><\/li>\n<li>K\u00e4teinen kiertoon<\/li>\n<li>Isojalan j\u00e4ljill\u00e4 (2002)<\/li>\n<li>Kalliovuorten kauhu<\/li>\n<li><span style=\"color: #ff00ff;\">R\u00e4yh\u00e4 maassa<\/span><\/li>\n<li>Julma huvi<\/li>\n<li><span style=\"color: #ff00ff;\">Matkaev\u00e4s<\/span><\/li>\n<li>Pist\u00e4m\u00e4t\u00f6n piilok\u00e4rki<\/li>\n<li>Kovaa valuuttaa<\/li>\n<li>Vesiliirto<\/li>\n<li>Henki korkealla<\/li>\n<li>Polttava ongelma<\/li>\n<li>Luunelonen<\/li>\n<li>Virusvaroitus<\/li>\n<li>Harmaan talouden harmit (2003)<\/li>\n<li>Kauhukabiini<\/li>\n<li>Rottasota<\/li>\n<li>Mustan kuulan maa<\/li>\n<li>Kerran kuussa<\/li>\n<li>Nuukalaislegioona<\/li>\n<li>Uhmaik\u00e4<\/li>\n<li>Pikkuj\u00e4ttil\u00e4inen<\/li>\n<li>Hui hai!<\/li>\n<li>Merten kauhu<\/li>\n<li><span style=\"color: #ff00ff;\">Totta vai tarua<\/span><\/li>\n<li>Kiinalainen juttu<\/li>\n<li>Poikki ja pinoon (2004)<\/li>\n<li>Oikotie onneen<\/li>\n<li>Pahanilmanlinnut<\/li>\n<li>Palvelu pelaa<\/li>\n<li>Ep\u00e4ilyksen varjo<\/li>\n<li>Konille kyyti\u00e4<\/li>\n<li>Maanalainen mullistus<\/li>\n<li>Melkein mestari<\/li>\n<li>T\u00e4htikaksikko<\/li>\n<li>Venyy ja paukkuu<\/li>\n<li>Uutispommi<\/li>\n<li>Kolmesataa<\/li>\n<li>Lupa livist\u00e4\u00e4 (2005)<\/li>\n<li>Haamulinnan pamaus<\/li>\n<li>\u00c4\u00e4ni ja vimma<\/li>\n<li>Meksikon multakurkku<\/li>\n<li>Tuulihattu<\/li>\n<li>Ilmojen halki<\/li>\n<li>Kova pala purtavaksi<\/li>\n<li>Kaksin aina kaunihimpi<\/li>\n<li>T\u00e4htien set\u00e4<\/li>\n<li>Silm\u00e4t sel\u00e4ss\u00e4<\/li>\n<li>Tuhannen taalan paikka<\/li>\n<li>Kaikilla mausteilla<\/li>\n<li>Kaikki tiet viev\u00e4t Ankkalinnaan (2006)<\/li>\n<li>Likaista peli\u00e4<\/li>\n<li>Asu vapaa<\/li>\n<li>Tuli ja leimaus!<\/li>\n<li>Terveisi\u00e4 Ankkalinnasta<\/li>\n<li>Mars kent\u00e4lle!<\/li>\n<li>Miljoonakaappaus<\/li>\n<li>Raha rauhoittaa<\/li>\n<li>Noitakonsti<\/li>\n<li>Jaettu ilo<\/li>\n<li>Y\u00f6vuoro<\/li>\n<li>Kalmanlehdon kartano<\/li>\n<li>Turistirys\u00e4ys (2007)<\/li>\n<li>Vanha uskollinen<\/li>\n<li>Menneisyyden vanki<\/li>\n<li>Nokkapokka<\/li>\n<li>Roope-sed\u00e4n rahanippu<\/li>\n<li>Kes\u00e4 kaikilla<\/li>\n<li>Piraattipuisto<\/li>\n<li>Ihan tavallinen sankari<\/li>\n<li>Kolmoset<\/li>\n<li>Kylm\u00e4\u00e4 kyyti\u00e4<\/li>\n<li>Kuutamokeikka<\/li>\n<li>Kultakuorrutus<\/li>\n<li>Onni potkii (2008)<\/li>\n<li>Oma maa mansikka<\/li>\n<li>Hetki ly\u00f6<\/li>\n<li>\u00c4kkil\u00e4ht\u00f6<\/li>\n<li>L\u00e4pimurto<\/li>\n<li>Saksipotku<\/li>\n<li>Pintaa syvemm\u00e4lle<\/li>\n<li>Samassa veneess\u00e4<\/li>\n<li>T\u00e4htihetki<\/li>\n<li>Lantti lainassa<\/li>\n<li>Sankariainesta<\/li>\n<li>Paluu Karhuvuorelle<\/li>\n<li>Kassavirta (2009)<\/li>\n<li>Vuosisadan rakkaustarina<\/li>\n<li>Tuplanolla ja petosten keh\u00e4<\/li>\n<li>Velvollisuus kutsuu<\/li>\n<li>Onnenonkija<\/li>\n<li>Pallo hallussa<\/li>\n<li>Paikka auringossa<\/li>\n<li><span style=\"color: #ff00ff;\">Operaatio Lepo<\/span><\/li>\n<li>Varjo y\u00f6ss\u00e4<\/li>\n<li>Tuplanolla ja kohtalokas ensi-ilta<\/li>\n<li>T\u00e4ytt\u00e4 rautaa<\/li>\n<li>Painovirhe<\/li>\n<li>Salattu el\u00e4m\u00e4 (2010)<\/li>\n<li>Haluatko triljon\u00e4\u00e4riksi?<\/li>\n<li>Kultaa ja kunniaa<\/li>\n<li>Merkkimies<\/li>\n<li>Tuplanolla ja syvyyden saalistajat<\/li>\n<li>Kaikki peliss\u00e4<\/li>\n<li>Ankkurit yl\u00f6s!<\/li>\n<li>Kuutamolla<\/li>\n<li>Tripla<\/li>\n<li>Tukka hyvin<\/li>\n<li>Kaikki likoon<\/li>\n<li>Kuuhullut<\/li>\n<li>Umpij\u00e4\u00e4ss\u00e4 (2011)<\/li>\n<li>Valiojoukko<\/li>\n<li>Tuplanolla ja armoton ajojahti<\/li>\n<li>Aikahyppy<\/li>\n<li>Seitsem\u00e4n meren kauhu<\/li>\n<li>Muistin varassa<\/li>\n<li>Rantakirppu<\/li>\n<li>J\u00e4ttiyll\u00e4tys<\/li>\n<li>Kolmoisel\u00e4m\u00e4\u00e4<\/li>\n<li>N\u00e4k\u00f6alapaikka<\/li>\n<li>Tuplanolla ja Amorin nuolet<\/li>\n<li>Rahat mieless\u00e4<\/li>\n<li>Hyv\u00e4 tuli (2012)<\/li>\n<li>Tuplanolla ja pelin s\u00e4\u00e4nn\u00f6t<\/li>\n<li>Taidenautinto<\/li>\n<li>Kultakyp\u00e4r\u00e4<\/li>\n<li>Vahtivuoro<\/li>\n<li>Outolintu<\/li>\n<li>Kaikki kannelle!<\/li>\n<li>Tuplanolla ja Olympoksen arvoitus<\/li>\n<li>Kultaharkko<\/li>\n<li>Kansikuvapoika<\/li>\n<li>Lorun loppu<\/li>\n<li>J\u00e4ljill\u00e4<\/li>\n<li>Perhosvaikutus (2013)<\/li>\n<li>Veden varassa<\/li>\n<li>Pelin henki<\/li>\n<li>Nelj\u00e4sataa<\/li>\n<li>Tuplanolla ja uhka taivaalta<\/li>\n<li>Fantom Ankan salaisuus<\/li>\n<li>Kes\u00e4n lapsi<\/li>\n<li>Tuulitakki<\/li>\n<li>Onni yksill\u00e4<\/li>\n<li>Maltan ankka<\/li>\n<li>Y\u00f6n yrmy<\/li>\n<li>Rahavirta ratkaisee<\/li>\n<li>Sormuksen narrit (2014)<\/li>\n<li>Muodin huipulla<\/li>\n<li>T\u00e4yskaato<\/li>\n<li>Juhlap\u00e4iv\u00e4<\/li>\n<li>T\u00e4htien set\u00e4 Vastaisku<\/li>\n<li>Kitupiikin kes\u00e4ty\u00f6<\/li>\n<li>Kipparitrio<\/li>\n<li>Vaivan palkka<\/li>\n<li>Pikavuoro<\/li>\n<li>Hyv\u00e4ll\u00e4 tuulella<\/li>\n<li>Piirun verran parempi<\/li>\n<li>Nokittaja<\/li>\n<li>Tuhotrio<\/li>\n<li>Sankarparvi (2015)<\/li>\n<li>Viekasten kivi<\/li>\n<li>Taustavoima<\/li>\n<li>Kisaturisti<\/li>\n<li>Aina tiell\u00e4<\/li>\n<li>Tulilinjalla<\/li>\n<li>T\u00e4yspakkaus<\/li>\n<li>Myrskyvaroitus<\/li>\n<li>Loma paketissa<\/li>\n<li>Voimakaksikko<\/li>\n<li>Kreivin aikaan<\/li>\n<li>Valomerkki<\/li>\n<li>Viitan mahti<\/li>\n<li>Takaisku (2016)<\/li>\n<li>Viikinkien valtias<\/li>\n<li>Kultakylpy<\/li>\n<li>Polttopiste<\/li>\n<li>Kovin kolikko<\/li>\n<li>Uimamaisteri<\/li>\n<li>Kes\u00e4renkaat<\/li>\n<li>Paljunvartijat<\/li>\n<li>Rio, ohoi!<\/li>\n<li>Tuima tuimille<\/li>\n<li>Ajokortti<\/li>\n<li>Ihan hilkulla<\/li>\n<li>P\u00e4rst\u00e4pankkiiri<\/li>\n<li>Napamies (2017)<\/li>\n<li>Homma hanskassa<br \/>\n449\u00bd Peli poikki<\/li>\n<li>Kauhukaksikko<\/li>\n<li>Kova koville<\/li>\n<li>Mets\u00e4n poika<\/li>\n<li>Grillihullut<\/li>\n<li>Menolippu<\/li>\n<li>Puolisukeltaja<\/li>\n<li>Reissumies<\/li>\n<li>Ihan \u00e4ss\u00e4<\/li>\n<li>Perhonen viek\u00f6\u00f6n<\/li>\n<li>Juhlahetki<\/li>\n<li>Uhka ulapalta (2018)<\/li>\n<li>Kadonneen suunnan mets\u00e4st\u00e4j\u00e4<\/li>\n<li>Kuppi kummaa<\/li>\n<\/ol>\n<h3>Aku Ankan taskukirjan erikoisnumerot<\/h3>\n<ol>\n<li>Onneksi olkoon Aku Ankka (1984)<\/li>\n<li>Vanha kunnon Mikki-Hiiri (1988)<\/li>\n<li>Jose Carioca (1989)<\/li>\n<li>Karhukopla vaarallisilla vesill\u00e4 (1990)<\/li>\n<li>Tupu, Hupu, Lupu \u2013 Hiljaa m\u00e4ess\u00e4! (1991)<\/li>\n<li>Olympiakuume (1992)<\/li>\n<li>Kes\u00e4leski (1993)<\/li>\n<li>Vanhassa vara parempi (1994)<\/li>\n<li>Kalin kynsi (1998)<\/li>\n<li>Viitan varjo (1999)<\/li>\n<li>Ruotsalaiset tulitikut (2000)<\/li>\n<\/ol>\n<h3>Aku Ankan taskukirjan teemanumerot<\/h3>\n<ol>\n<li>Pala kakkua (2001)<\/li>\n<li>Tutkivaa journalismia (2001)<\/li>\n<li>Hattutemppu \u2013 Jalkapalloa Ankkalinnassa (2002)<\/li>\n<li><span style=\"color: #ff00ff;\">Munaaja \u2013 Kauhua Ankkalinnassa (2002)<\/span><\/li>\n<li><span style=\"color: #ff00ff;\">Velhojen valtakunta \u2013 Fantasiaseikkailuja Ankkalinnasta (2003)<\/span><\/li>\n<li>Rekiretki (2003)<\/li>\n<li>K\u00e4\u00e4k! \u2013 Aku Ankan monet kasvot (2004)<\/li>\n<li>Kultainen joulu (2004)<\/li>\n<li>Valkokankaan sankarit \u2013 Ankkalinnan elokuvajuhlat (2005)<\/li>\n<li>Pakettimatka (2005)<\/li>\n<li>Banzai (2006)<\/li>\n<li>Lahjajahti (2006)<\/li>\n<li>Nimeni on Ankka. Aku Ankka. \u2013 Agenttiseikkailuja Ankkalinnasta (2007)<\/li>\n<li>Laki ja j\u00e4rjestys (2007)<\/li>\n<li>Puhu pukille (2007)<\/li>\n<li>Munaajan paluu (2008)<\/li>\n<li>Kelmien kerho (2008)<\/li>\n<li>Lahjaunelmia (2008)<\/li>\n<li>Kaksoisel\u00e4m\u00e4\u00e4 (2009)<\/li>\n<li>Tuhat ja yksi ty\u00f6t\u00e4 (2009)<\/li>\n<li>Todellisia tonttuja (2009)<\/li>\n<li>Sohvaperuna (2010)<\/li>\n<li>Ultrasankarit vs. Paha Seiska (2010)<\/li>\n<li>Joulun taikaa (2010)<\/li>\n<li>Munaajan veljenpoika (2011)<\/li>\n<li>Kultakuume (2011)<\/li>\n<li>Pehme\u00e4 paketti (2011)<\/li>\n<li>Urku auki! (2012)<\/li>\n<li>Kymppipaikka<\/li>\n<li>Joulun t\u00e4hdet<\/li>\n<li>Salaiset aseet<\/li>\n<li>&nbsp;<\/li>\n<li>&nbsp;<\/li>\n<li>Tunteiden tulkki<\/li>\n<li>Pukin pallopoika<\/li>\n<li>Min\u00e4, Robotti<\/li>\n<li>&nbsp;<\/li>\n<li>&nbsp;<\/li>\n<li>Pim!<\/li>\n<\/ol>\n<h3>Taskarin parhaat (2010)<\/h3>\n<ol>\n<li>Taskarin parhaat 1970-1979<\/li>\n<li>Taskarin parhaat 1980-1989<\/li>\n<li>Taskarin parhaat 1990-1999<\/li>\n<li>Taskarin parhaat 2000-2009<\/li>\n<\/ol>\n<h3>Taskarin sankarit (2011)<\/h3>\n<ol>\n<li>Taskarin sankarit: Agentit asialla<\/li>\n<li>Taskarin sankarit: Oikeuden puolustajat (+ s\u00e4ilytyskotelo)<\/li>\n<li>Taskarin sankarit: Etsiv\u00e4 l\u00f6yt\u00e4\u00e4<\/li>\n<li>Taskarin sankarit: Kaukana kotoa<\/li>\n<\/ol>\n<h3>Taskarin t\u00e4htihetket (2012)<\/h3>\n<ol>\n<li>Viihteen mestari<\/li>\n<li>P\u00f6rssihai<\/li>\n<li>Kilpakenttien kuningas<\/li>\n<li>Arjen sankari<\/li>\n<\/ol>\n<h2>Mini-taskarit<\/h2>\n<ol>\n<li>Aku on ykk\u00f6nen (2007)<\/li>\n<li>Rikkaista rikkain (2008)<\/li>\n<li>Kolmen kopla (2008)<\/li>\n<li>Kuvassa Aku (2008)<\/li>\n<li>El\u00e4k\u00f6\u00f6n Mikki (2008)<\/li>\n<li>Rinta rottingilla (2009)<\/li>\n<li>Aina valmiina (2009)<\/li>\n<li>Taikaisku (2009)<\/li>\n<li>Viittasankari (2009)<\/li>\n<li>Valvova silm\u00e4 (2010)<\/li>\n<li>Kolme iloista rosvoa (2010)<\/li>\n<li>Akussa riitt\u00e4\u00e4 virtaa (2010)<\/li>\n<li>P\u00f6rssihai (2010)<\/li>\n<li>Onni hymyilee (2011)<\/li>\n<li>Mahtimies Roope (2011)<\/li>\n<li>Nasta lautaan (2011)<\/li>\n<li>Raha ratkaisee (2011)<\/li>\n<\/ol>\n","protected":false},"excerpt":{"rendered":"<p>Mikki kiipeliss\u00e4 (1970) Aku Ankka ja Karhukopla Mikki ja viidakon vaarat \u00c4l\u00e4 hermoile, Roope-set\u00e4 Mikki ja Hessu timanttien j\u00e4ljill\u00e4 (1971) Aku Baba ja viisi rosvoa Mikki Hiiren kuuma kes\u00e4 Aku ja Amerikan keisari Ota rennosti, Aku (1972) Roope n\u00e4kee punaista Roope Suuri Tervetuloa Ankkalinnaan Ritari Peloton (1973) Perhonen sent\u00e4\u00e4n Varsinainen v\u00e4lkky Voimakolmikko Roopen joulutervehdys Aku [&hellip;]<\/p>\n","protected":false},"author":2,"featured_media":0,"parent":381,"menu_order":0,"comment_status":"open","ping_status":"open","template":"","meta":{"ngg_post_thumbnail":0,"footnotes":""},"_links":{"self":[{"href":"https:\/\/vaahtera.org\/timo\/wp-json\/wp\/v2\/pages\/247"}],"collection":[{"href":"https:\/\/vaahtera.org\/timo\/wp-json\/wp\/v2\/pages"}],"about":[{"href":"https:\/\/vaahtera.org\/timo\/wp-json\/wp\/v2\/types\/page"}],"author":[{"embeddable":true,"href":"https:\/\/vaahtera.org\/timo\/wp-json\/wp\/v2\/users\/2"}],"replies":[{"embeddable":true,"href":"https:\/\/vaahtera.org\/timo\/wp-json\/wp\/v2\/comments?post=247"}],"version-history":[{"count":42,"href":"https:\/\/vaahtera.org\/timo\/wp-json\/wp\/v2\/pages\/247\/revisions"}],"predecessor-version":[{"id":1025,"href":"https:\/\/vaahtera.org\/timo\/wp-json\/wp\/v2\/pages\/247\/revisions\/1025"}],"up":[{"embeddable":true,"href":"https:\/\/vaahtera.org\/timo\/wp-json\/wp\/v2\/pages\/381"}],"wp:attachment":[{"href":"https:\/\/vaahtera.org\/timo\/wp-json\/wp\/v2\/media?parent=247"}],"curies":[{"name":"wp","href":"https:\/\/api.w.org\/{rel}","templated":true}]}}