
{"id":2,"date":"2011-01-17T13:06:08","date_gmt":"2011-01-17T13:06:08","guid":{"rendered":"http:\/\/vaahtera.org\/timo2\/?page_id=2"},"modified":"2012-11-02T13:18:05","modified_gmt":"2012-11-02T11:18:05","slug":"tietoja","status":"publish","type":"page","link":"https:\/\/vaahtera.org\/timo\/","title":{"rendered":"Timo"},"content":{"rendered":"<p><img loading=\"lazy\" decoding=\"async\" class=\"alignright size-thumbnail wp-image-501\" title=\"Timo Vaahtera\" src=\"http:\/\/vaahtera.org\/timo\/wp-content\/uploads\/2012\/10\/Timo-Vaahtera1-150x150.jpg\" alt=\"\" width=\"150\" height=\"150\" srcset=\"https:\/\/vaahtera.org\/timo\/wp-content\/uploads\/2012\/10\/Timo-Vaahtera1-150x150.jpg 150w, https:\/\/vaahtera.org\/timo\/wp-content\/uploads\/2012\/10\/Timo-Vaahtera1-300x300.jpg 300w, https:\/\/vaahtera.org\/timo\/wp-content\/uploads\/2012\/10\/Timo-Vaahtera1-1024x1024.jpg 1024w, https:\/\/vaahtera.org\/timo\/wp-content\/uploads\/2012\/10\/Timo-Vaahtera1.jpg 1200w\" sizes=\"(max-width: 150px) 100vw, 150px\" \/>Synnyin <a href=\"http:\/\/www.eurajoki.fi\/\">Eurajoella<\/a> 26.12.1979 ja nimeksi annettiin <strong>\u00a0Timo Tapani Vaahtera<\/strong>. Nykyisin asun avopuolison ja poikani kanssa <a href=\"http:\/\/www.rauma.fi\/\">Raumalla<\/a>.<\/p>\n<p>Nuoruuteni asuin Eurajoella jossa my\u00f6s peruskoulu tuli k\u00e4yty\u00e4.\u00a0 Rauman Ammatti-instituutissa suoritin 1995 &#8211; 1998 v\u00e4lisen\u00e4 aikana automaatiotekniikan perustutkinnon. Asepalveluksen olen suorittanut Varsinais-Suomen Ilmatorjuntarykmentiss\u00e4, Turun Heikkil\u00e4ss\u00e4 vuosina 1998-1999.<\/p>\n<p>Opiskelu jatkui vuonna 1999, Satakunnan Ammattikorkeakoulun, Tekniikan Porin yksik\u00f6ss\u00e4. Opiskelun ohessa vaikutin paikallisessa opiskelijaj\u00e4rjest\u00f6ss\u00e4, Porin Tekniikan Opiskelijat ry:ss\u00e4 muun muassa hallituksen s\u00e4hk\u00f6isen tiedotuksen vastaavana, sek\u00e4 hallituksen puheenjohtajana. Vaikutin my\u00f6s Satakunnan ammattikorkeakouluopiskelijat Sammakko ry edustajistossa opiskeluaikana.<\/p>\n<p>Ty\u00f6el\u00e4m\u00e4\u00e4 on tullut &#8221;tutustuttua&#8221; <a href=\"http:\/\/www.tvo.fi\/\">Teollisuuden Voima Oy<\/a>:ss\u00e4 1996 &#8211; 2002 erin\u00e4isi\u00e4 p\u00e4tki\u00e4 opiskelun ohessa. Vuonna 2002, siis ennen AMK-opintojen loppua l\u00e4hdin katsomaan ty\u00f6ilmoja Raumalle, L\u00e4nnen Puhelin Oy:n. LPOY fuusioitui muutamien muiden paikallisten puhelinyhti\u00f6iden kanssa 2007 <a href=\"http:\/\/www.dna.fi\/\">DNA Oy<\/a>:n. Kev\u00e4\u00e4ll\u00e4 2011 totesin mobiilimaailman turbulenssin riitt\u00e4v\u00e4n ja palasin TVO:n kirjoille yhdeks\u00e4n vuoden tauon j\u00e4lkeen.<\/p>\n<h3>Mit\u00e4?<\/h3>\n<p>Harrastuksiini kuuluu tietotekniikan lis\u00e4ksi my\u00f6s liikunta (mm. salibandy ja sulkapallo) ja lukeminen. My\u00f6s kuvaamisen voisi laskea t\u00e4h\u00e4n kategoriaan, joitain r\u00e4psyj\u00e4 voi katsella tuosta vierest\u00e4 <a href=\"http:\/\/www.flickr.com\/photos\/timovaahtera\/\">flickeriss\u00e4<\/a> olevista kuvista, tai sitten <a href=\"valokuvagalleria\/\">galleriasta<\/a>.<\/p>\n<p>Olen kiinnostunut vaikuttamaan asioissa ja t\u00e4m\u00e4n vuoksi olen ollut kunnallisvaaleissa ehdolla Raumalla Sitoutumattoman vaalirenkaan listoilta 2004 ja 2008. En sin\u00e4ns\u00e4 koe ongelmaksi kuulua mihink\u00e4\u00e4n puolueeseen, mutta oman mielipiteens\u00e4\u00a0py\u00f6rt\u00e4minen ryhm\u00e4p\u00e4\u00e4t\u00f6ksell\u00e4 ei vaan ole minun juttuni. Toivottavasti politiikkaan tulee joskus avoimuus mukaan, muutenkin kuin rahoitussotkujen ja oikeustoimien kautta \ud83d\ude09<\/p>\n","protected":false},"excerpt":{"rendered":"<p>Synnyin Eurajoella 26.12.1979 ja nimeksi annettiin \u00a0Timo Tapani Vaahtera. Nykyisin asun avopuolison ja poikani kanssa Raumalla. Nuoruuteni asuin Eurajoella jossa my\u00f6s peruskoulu tuli k\u00e4yty\u00e4.\u00a0 Rauman Ammatti-instituutissa suoritin 1995 &#8211; 1998 v\u00e4lisen\u00e4 aikana automaatiotekniikan perustutkinnon. Asepalveluksen olen suorittanut Varsinais-Suomen Ilmatorjuntarykmentiss\u00e4, Turun Heikkil\u00e4ss\u00e4 vuosina 1998-1999. Opiskelu jatkui vuonna 1999, Satakunnan Ammattikorkeakoulun, Tekniikan Porin yksik\u00f6ss\u00e4. Opiskelun ohessa vaikutin [&hellip;]<\/p>\n","protected":false},"author":2,"featured_media":0,"parent":0,"menu_order":0,"comment_status":"closed","ping_status":"closed","template":"","meta":{"ngg_post_thumbnail":0,"footnotes":""},"_links":{"self":[{"href":"https:\/\/vaahtera.org\/timo\/wp-json\/wp\/v2\/pages\/2"}],"collection":[{"href":"https:\/\/vaahtera.org\/timo\/wp-json\/wp\/v2\/pages"}],"about":[{"href":"https:\/\/vaahtera.org\/timo\/wp-json\/wp\/v2\/types\/page"}],"author":[{"embeddable":true,"href":"https:\/\/vaahtera.org\/timo\/wp-json\/wp\/v2\/users\/2"}],"replies":[{"embeddable":true,"href":"https:\/\/vaahtera.org\/timo\/wp-json\/wp\/v2\/comments?post=2"}],"version-history":[{"count":17,"href":"https:\/\/vaahtera.org\/timo\/wp-json\/wp\/v2\/pages\/2\/revisions"}],"predecessor-version":[{"id":565,"href":"https:\/\/vaahtera.org\/timo\/wp-json\/wp\/v2\/pages\/2\/revisions\/565"}],"wp:attachment":[{"href":"https:\/\/vaahtera.org\/timo\/wp-json\/wp\/v2\/media?parent=2"}],"curies":[{"name":"wp","href":"https:\/\/api.w.org\/{rel}","templated":true}]}}