
{"id":144,"date":"2011-02-13T20:33:31","date_gmt":"2011-02-13T18:33:31","guid":{"rendered":"http:\/\/vaahtera.org\/timo2\/"},"modified":"2014-09-29T13:32:21","modified_gmt":"2014-09-29T10:32:21","slug":"linkit","status":"publish","type":"page","link":"https:\/\/vaahtera.org\/timo\/linkit\/","title":{"rendered":"Linkit"},"content":{"rendered":"<p class=\"highlight-3\"><strong>Softalinkit<\/strong><br \/>\n<a href=\"http:\/\/www.chiark.greenend.org.uk\/%7Esgtatham\/putty\/\">PuTTY<\/a> | <a href=\"http:\/\/www.xs4all.nl\/%7Ewhaa\/putty\">PuTTYtray<\/a> | <a href=\"http:\/\/getfirefox.com\">Firefox<\/a><\/p>\n<div id=\"columns\">\n<div>\n<h4>Oleelliset ja ei niink\u00e4\u00e4n..<\/h4>\n<ul>\n<li><a href=\"http:\/\/fi.ikariam.gameforge.com\/\">Ikariam<\/a><\/li>\n<li><a href=\"http:\/\/www.sports-tracker.com\/\">Sports Tracker<\/a><\/li>\n<li><a href=\"http:\/\/www.goteamspeak.com\/\">Teamspeak<\/a><\/li>\n<li><a href=\"http:\/\/www.veikkaus.fi\/\">Veikkaus<\/a><\/li>\n<li><a title=\"Flightradar24.com\" href=\"http:\/\/www.flightradar24.com\">Flightradar24.com<\/a><\/li>\n<\/ul>\n<h4>Drinksut<\/h4>\n<ul>\n<li><a href=\"http:\/\/www.in-the-spirit.co.uk\/home.html\">In The Spirit<\/a><\/li>\n<li><a href=\"http:\/\/www.drinksmixer.com\/\">Pari drinksuohjetta<\/a><\/li>\n<li><a href=\"http:\/\/www.jagermeister.com\/\">J\u00e4germeister<\/a><\/li>\n<\/ul>\n<h4>Uutiset<\/h4>\n<ul>\n<li><a href=\"http:\/\/www.ampparit.com\/\">Ampparit.com<\/a><\/li>\n<li><a href=\"http:\/\/iltalehti.fi\/\">Iltalehti Online<\/a><\/li>\n<li><a href=\"http:\/\/www.iltasanomat.fi\/\">Ilta-Sanomat<\/a><\/li>\n<li><a href=\"http:\/\/www.kaleva.fi\/\">Kaleva.plus<\/a><\/li>\n<li><a href=\"http:\/\/www.lansi-suomi.fi\/\">L\u00e4nsi-Suomi<\/a><\/li>\n<li><a href=\"http:\/\/www.turunsanomat.fi\/\">Turun Sanomat<\/a><\/li>\n<li><a href=\"http:\/\/www.ur.fi\/\">Uusi Rauma<\/a><\/li>\n<li><a href=\"http:\/\/www.kiss.fi\/saa\/f5\/loader18.swf?lang=FI&amp;mode=country&amp;continent=Europe&amp;country=FI&amp;defaultCity=FI_a3_c7\">S\u00e4\u00e4<\/a><\/li>\n<\/ul>\n<\/div>\n<div>\n<h4>Nettipankit<\/h4>\n<ul>\n<li><a href=\"https:\/\/auth.aktia.fi\/tunnistus\/UI\/Login?locale=fi\">Aktia<\/a><\/li>\n<li><a href=\"https:\/\/www.danskebank.fi\/fi-fi\/Henkiloasiakkaat\/Pages\/henkiloasiakkaat.aspx?secsystem=J3\">Danskebank<\/a><\/li>\n<li><a href=\"https:\/\/www4.handelsbanken.fi\/pankki\/kirjautuminen?0\">Handelsbanken<\/a><\/li>\n<li><a href=\"https:\/\/solo1.nordea.fi\/nsp\/login\">Nordea<\/a><\/li>\n<li><a href=\"https:\/\/www.osuuspankki.fi\/\">Osuuspankki<\/a><\/li>\n<li><a href=\"https:\/\/www.poppankki.fi\/\">Paikallis-osuuspankit<\/a><\/li>\n<li><a href=\"http:\/\/www.s-pankki.fi\/\">S-Pankki<\/a><\/li>\n<li><a href=\"http:\/\/www.saastopankki.fi\/verkkopankkiin\">S\u00e4\u00e4st\u00f6pankki<\/a><\/li>\n<\/ul>\n<h4>Tietotekniikkaan liittyv\u00e4t uutiset<\/h4>\n<ul>\n<li><a href=\"http:\/\/3t.fi\">3T<\/a><\/li>\n<li><a href=\"http:\/\/fin.afterdawn.com\/\">AfterDawn<\/a><\/li>\n<li><a href=\"http:\/\/www.digitoday.fi\/\">digitoday<\/a><\/li>\n<li><a href=\"http:\/\/www.itviikko.fi\/\">ITviikko<\/a><\/li>\n<li><a href=\"http:\/\/www.muropaketti.com\/\">Muropaketti<\/a><\/li>\n<li><a href=\"http:\/\/www.tekniikkatalous.fi\/\">Tekniikka&amp;Talous<\/a><\/li>\n<li><a href=\"http:\/\/www.tietokone.fi\/\">Tietokone<\/a><\/li>\n<li><a href=\"http:\/\/www.tietoviikko.fi\/\">Tietoviikko<\/a><\/li>\n<li><a href=\"http:\/\/www.hardware.fi\/\">Tom&#8217;s Hardware<\/a><\/li>\n<\/ul>\n<h4>Tietotekniikkapuljut<\/h4>\n<ul>\n<li><a href=\"http:\/\/www.beesting.fi\/\">Beesting<\/a><\/li>\n<li><a href=\"http:\/\/www.jimms.fi\">Jimm&#8217;s<\/a><\/li>\n<li><a href=\"http:\/\/www.verkkokauppa.com\/\">Verkkokauppa<\/a><\/li>\n<li><a href=\"http:\/\/www.mbnet.fi\/hintaseuranta\/\">MB-net Hintaseuranta<\/a><\/li>\n<\/ul>\n<\/div>\n<\/div>\n<p class=\"highlight-2\"><strong>RC<\/strong><br \/>\n<strong>Ohjeita:<\/strong> <a href=\"http:\/\/www.6mmflyrc.com\/\">6mmFlyRC<\/a> | <a href=\"http:\/\/www.parkjets.com\/\">ParkJets.com<\/a> | <a href=\"http:\/\/www.rcgroups.com\/forums\/showthread.php?t=407323\">Kaksitaso<\/a><br \/>\n<strong>Kauppoja:<\/strong> <a href=\"http:\/\/www.fast-lad.co.uk\/\">Fast Lad<\/a> | <a href=\"http:\/\/www.hobbyking.com\/\">HobbyKing<\/a> | <a href=\"http:\/\/www.sabe.fi\/hobby\/\">RC Sabe<\/a><br \/>\n<strong>Muuta:<\/strong> <a href=\"http:\/\/crrcsim.berlios.de\/wiki\/\">crr sim<\/a><\/p>\n","protected":false},"excerpt":{"rendered":"<p>Softalinkit PuTTY | PuTTYtray | Firefox Oleelliset ja ei niink\u00e4\u00e4n.. Ikariam Sports Tracker Teamspeak Veikkaus Flightradar24.com Drinksut In The Spirit Pari drinksuohjetta J\u00e4germeister Uutiset Ampparit.com Iltalehti Online Ilta-Sanomat Kaleva.plus L\u00e4nsi-Suomi Turun Sanomat Uusi Rauma S\u00e4\u00e4 Nettipankit Aktia Danskebank Handelsbanken Nordea Osuuspankki Paikallis-osuuspankit S-Pankki S\u00e4\u00e4st\u00f6pankki Tietotekniikkaan liittyv\u00e4t uutiset 3T AfterDawn digitoday ITviikko Muropaketti Tekniikka&amp;Talous Tietokone Tietoviikko [&hellip;]<\/p>\n","protected":false},"author":2,"featured_media":0,"parent":0,"menu_order":0,"comment_status":"open","ping_status":"open","template":"","meta":{"ngg_post_thumbnail":0,"footnotes":""},"_links":{"self":[{"href":"https:\/\/vaahtera.org\/timo\/wp-json\/wp\/v2\/pages\/144"}],"collection":[{"href":"https:\/\/vaahtera.org\/timo\/wp-json\/wp\/v2\/pages"}],"about":[{"href":"https:\/\/vaahtera.org\/timo\/wp-json\/wp\/v2\/types\/page"}],"author":[{"embeddable":true,"href":"https:\/\/vaahtera.org\/timo\/wp-json\/wp\/v2\/users\/2"}],"replies":[{"embeddable":true,"href":"https:\/\/vaahtera.org\/timo\/wp-json\/wp\/v2\/comments?post=144"}],"version-history":[{"count":31,"href":"https:\/\/vaahtera.org\/timo\/wp-json\/wp\/v2\/pages\/144\/revisions"}],"predecessor-version":[{"id":946,"href":"https:\/\/vaahtera.org\/timo\/wp-json\/wp\/v2\/pages\/144\/revisions\/946"}],"wp:attachment":[{"href":"https:\/\/vaahtera.org\/timo\/wp-json\/wp\/v2\/media?parent=144"}],"curies":[{"name":"wp","href":"https:\/\/api.w.org\/{rel}","templated":true}]}}